{"id":76,"date":"2023-11-27T17:36:33","date_gmt":"2023-11-27T17:36:33","guid":{"rendered":"http:\/\/panifex.eu\/?page_id=76"},"modified":"2025-03-26T16:12:19","modified_gmt":"2025-03-26T16:12:19","slug":"over-ons","status":"publish","type":"page","link":"https:\/\/panifex.eu\/fr\/over-ons\/","title":{"rendered":"\u00c0 PROPOS DE NOUS"},"content":{"rendered":"<div data-elementor-type=\"wp-page\" data-elementor-id=\"76\" class=\"elementor elementor-76\" data-elementor-post-type=\"page\">\n\t\t\t\t\t\t<section class=\"elementor-section elementor-top-section elementor-element elementor-element-256df62f elementor-section-boxed elementor-section-height-default elementor-section-height-default\" data-id=\"256df62f\" data-element_type=\"section\" data-e-type=\"section\" data-settings=\"{&quot;background_background&quot;:&quot;classic&quot;}\">\n\t\t\t\t\t\t\t<div class=\"elementor-background-overlay\"><\/div>\n\t\t\t\t\t\t\t<div class=\"elementor-container elementor-column-gap-default\">\n\t\t\t\t\t<div class=\"elementor-column elementor-col-100 elementor-top-column elementor-element elementor-element-7effacaa\" data-id=\"7effacaa\" data-element_type=\"column\" data-e-type=\"column\">\n\t\t\t<div class=\"elementor-widget-wrap elementor-element-populated\">\n\t\t\t\t\t\t<div class=\"elementor-element elementor-element-6b27f8ba elementor-widget elementor-widget-heading\" data-id=\"6b27f8ba\" data-element_type=\"widget\" data-e-type=\"widget\" data-widget_type=\"heading.default\">\n\t\t\t\t<div class=\"elementor-widget-container\">\n\t\t\t\t\t<h2 class=\"elementor-heading-title elementor-size-default\">\u00c0 propos de nous<\/h2>\t\t\t\t<\/div>\n\t\t\t\t<\/div>\n\t\t\t\t\t<\/div>\n\t\t<\/div>\n\t\t\t\t\t<\/div>\n\t\t<\/section>\n\t\t\t\t<section class=\"elementor-section elementor-top-section elementor-element elementor-element-def5c9e elementor-section-content-middle elementor-reverse-mobile elementor-section-boxed elementor-section-height-default elementor-section-height-default\" data-id=\"def5c9e\" data-element_type=\"section\" data-e-type=\"section\" data-settings=\"{&quot;background_background&quot;:&quot;gradient&quot;}\">\n\t\t\t\t\t\t\t<div class=\"elementor-background-overlay\"><\/div>\n\t\t\t\t\t\t\t<div class=\"elementor-container elementor-column-gap-no\">\n\t\t\t\t\t<div class=\"elementor-column elementor-col-50 elementor-top-column elementor-element elementor-element-ad25770\" data-id=\"ad25770\" data-element_type=\"column\" data-e-type=\"column\">\n\t\t\t<div class=\"elementor-widget-wrap elementor-element-populated\">\n\t\t\t\t\t\t<div class=\"elementor-element elementor-element-500a484 elementor-widget elementor-widget-image\" data-id=\"500a484\" data-element_type=\"widget\" data-e-type=\"widget\" data-widget_type=\"image.default\">\n\t\t\t\t<div class=\"elementor-widget-container\">\n\t\t\t\t\t\t\t\t\t\t\t\t\t\t\t<img fetchpriority=\"high\" decoding=\"async\" width=\"728\" height=\"672\" src=\"https:\/\/panifex.eu\/wp-content\/uploads\/2023\/11\/panifex1.png\" class=\"attachment-large size-large wp-image-49\" alt=\"\" srcset=\"https:\/\/panifex.eu\/wp-content\/uploads\/2023\/11\/panifex1.png 728w, https:\/\/panifex.eu\/wp-content\/uploads\/2023\/11\/panifex1-600x554.png 600w, https:\/\/panifex.eu\/wp-content\/uploads\/2023\/11\/panifex1-300x277.png 300w\" sizes=\"(max-width: 728px) 100vw, 728px\" \/>\t\t\t\t\t\t\t\t\t\t\t\t\t\t\t<\/div>\n\t\t\t\t<\/div>\n\t\t\t\t\t<\/div>\n\t\t<\/div>\n\t\t\t\t<div class=\"elementor-column elementor-col-50 elementor-top-column elementor-element elementor-element-c964406\" data-id=\"c964406\" data-element_type=\"column\" data-e-type=\"column\">\n\t\t\t<div class=\"elementor-widget-wrap elementor-element-populated\">\n\t\t\t\t\t\t<div class=\"elementor-element elementor-element-e309a8f elementor-widget elementor-widget-heading\" data-id=\"e309a8f\" data-element_type=\"widget\" data-e-type=\"widget\" data-widget_type=\"heading.default\">\n\t\t\t\t<div class=\"elementor-widget-container\">\n\t\t\t\t\t<h2 class=\"elementor-heading-title elementor-size-default\">\u00c0 propos de nous<\/h2>\t\t\t\t<\/div>\n\t\t\t\t<\/div>\n\t\t\t\t<div class=\"elementor-element elementor-element-df58c1e elementor-widget elementor-widget-heading\" data-id=\"df58c1e\" data-element_type=\"widget\" data-e-type=\"widget\" data-widget_type=\"heading.default\">\n\t\t\t\t<div class=\"elementor-widget-container\">\n\t\t\t\t\t<h2 class=\"elementor-heading-title elementor-size-default\">Notre histoire<\/h2>\t\t\t\t<\/div>\n\t\t\t\t<\/div>\n\t\t\t\t<div class=\"elementor-element elementor-element-885dff6 elementor-widget elementor-widget-text-editor\" data-id=\"885dff6\" data-element_type=\"widget\" data-e-type=\"widget\" data-widget_type=\"text-editor.default\">\n\t\t\t\t<div class=\"elementor-widget-container\">\n\t\t\t\t\t\t\t\t\t<p>Depuis 2006, p\u00e8re et fils forment ensemble le c\u0153ur de notre boulangerie moderne \u00e0 Meerbeke. Deux g\u00e9n\u00e9rations, quatre mains expertes et un engagement commun : cr\u00e9er du pain d\u00e9licieux et de la p\u00e2tisserie exquise.<\/p>\t\t\t\t\t\t\t\t<\/div>\n\t\t\t\t<\/div>\n\t\t\t\t<div class=\"elementor-element elementor-element-65cc166 elementor-widget elementor-widget-text-editor\" data-id=\"65cc166\" data-element_type=\"widget\" data-e-type=\"widget\" data-widget_type=\"text-editor.default\">\n\t\t\t\t<div class=\"elementor-widget-container\">\n\t\t\t\t\t\t\t\t\t<p>Jour apr\u00e8s jour, nous nous engageons \u00e0 produire une large gamme de pains et de p\u00e2tisseries, o\u00f9 la qualit\u00e9 absolue est notre priorit\u00e9 absolue.<\/p>\t\t\t\t\t\t\t\t<\/div>\n\t\t\t\t<\/div>\n\t\t\t\t\t<\/div>\n\t\t<\/div>\n\t\t\t\t\t<\/div>\n\t\t<\/section>\n\t\t\t\t<section class=\"elementor-section elementor-top-section elementor-element elementor-element-d43d4a3 elementor-section-boxed elementor-section-height-default elementor-section-height-default\" data-id=\"d43d4a3\" data-element_type=\"section\" data-e-type=\"section\" data-settings=\"{&quot;background_background&quot;:&quot;classic&quot;}\">\n\t\t\t\t\t\t\t<div class=\"elementor-background-overlay\"><\/div>\n\t\t\t\t\t\t\t<div class=\"elementor-container elementor-column-gap-default\">\n\t\t\t\t\t<div class=\"elementor-column elementor-col-100 elementor-top-column elementor-element elementor-element-e773ac9\" data-id=\"e773ac9\" data-element_type=\"column\" data-e-type=\"column\">\n\t\t\t<div class=\"elementor-widget-wrap elementor-element-populated\">\n\t\t\t\t\t\t<div class=\"elementor-element elementor-element-de63205 elementor-widget elementor-widget-heading\" data-id=\"de63205\" data-element_type=\"widget\" data-e-type=\"widget\" data-widget_type=\"heading.default\">\n\t\t\t\t<div class=\"elementor-widget-container\">\n\t\t\t\t\t<h2 class=\"elementor-heading-title elementor-size-default\">Nos services de boulangerie<\/h2>\t\t\t\t<\/div>\n\t\t\t\t<\/div>\n\t\t\t\t<div class=\"elementor-element elementor-element-5b57e32 elementor-widget elementor-widget-text-editor\" data-id=\"5b57e32\" data-element_type=\"widget\" data-e-type=\"widget\" data-widget_type=\"text-editor.default\">\n\t\t\t\t<div class=\"elementor-widget-container\">\n\t\t\t\t\t\t\t\t\t<p>Du d\u00e9licieux pain frais et de savoureuses p\u00e2tisseries aux g\u00e2teaux d\u2019anniversaire sur mesure. De plus, nous livrons avec soin du pain artisanal \u00e0 des h\u00f4pitaux, des institutions, des prisons et bien plus encore.<\/p>\t\t\t\t\t\t\t\t<\/div>\n\t\t\t\t<\/div>\n\t\t\t\t\t<\/div>\n\t\t<\/div>\n\t\t\t\t\t<\/div>\n\t\t<\/section>\n\t\t\t\t<section class=\"elementor-section elementor-top-section elementor-element elementor-element-9bd3810 elementor-section-boxed elementor-section-height-default elementor-section-height-default\" data-id=\"9bd3810\" data-element_type=\"section\" data-e-type=\"section\">\n\t\t\t\t\t\t<div class=\"elementor-container elementor-column-gap-default\">\n\t\t\t\t\t<div class=\"elementor-column elementor-col-100 elementor-top-column elementor-element elementor-element-ce8409c\" data-id=\"ce8409c\" data-element_type=\"column\" data-e-type=\"column\">\n\t\t\t<div class=\"elementor-widget-wrap elementor-element-populated\">\n\t\t\t\t\t\t<section class=\"elementor-section elementor-inner-section elementor-element elementor-element-c917e41 elementor-section-boxed elementor-section-height-default elementor-section-height-default\" data-id=\"c917e41\" data-element_type=\"section\" data-e-type=\"section\">\n\t\t\t\t\t\t<div class=\"elementor-container elementor-column-gap-no\">\n\t\t\t\t\t<div class=\"elementor-column elementor-col-33 elementor-inner-column elementor-element elementor-element-111e3d1 elementor-invisible\" data-id=\"111e3d1\" data-element_type=\"column\" data-e-type=\"column\" data-settings=\"{&quot;background_background&quot;:&quot;classic&quot;,&quot;animation&quot;:&quot;fadeInUp&quot;}\">\n\t\t\t<div class=\"elementor-widget-wrap elementor-element-populated\">\n\t\t\t\t\t\t<div class=\"elementor-element elementor-element-0c08fba elementor-position-top elementor-widget elementor-widget-image-box\" data-id=\"0c08fba\" data-element_type=\"widget\" data-e-type=\"widget\" data-widget_type=\"image-box.default\">\n\t\t\t\t<div class=\"elementor-widget-container\">\n\t\t\t\t\t<div class=\"elementor-image-box-wrapper\"><figure class=\"elementor-image-box-img\"><img decoding=\"async\" width=\"512\" height=\"512\" src=\"https:\/\/panifex.eu\/wp-content\/uploads\/2023\/11\/breads.png\" class=\"attachment-full size-full wp-image-71\" alt=\"\" srcset=\"https:\/\/panifex.eu\/wp-content\/uploads\/2023\/11\/breads.png 512w, https:\/\/panifex.eu\/wp-content\/uploads\/2023\/11\/breads-300x300.png 300w, https:\/\/panifex.eu\/wp-content\/uploads\/2023\/11\/breads-100x100.png 100w, https:\/\/panifex.eu\/wp-content\/uploads\/2023\/11\/breads-150x150.png 150w\" sizes=\"(max-width: 512px) 100vw, 512px\" \/><\/figure><div class=\"elementor-image-box-content\"><h3 class=\"elementor-image-box-title\">Pain &amp; P\u00e2tisserie<\/h3><p class=\"elementor-image-box-description\">Chaque jour, nous visons la perfection dans notre assortiment, du pain croustillant aux p\u00e2tisseries d\u00e9licates, avec un accent sur la qualit\u00e9 et des saveurs exquises.<\/p><\/div><\/div>\t\t\t\t<\/div>\n\t\t\t\t<\/div>\n\t\t\t\t\t<\/div>\n\t\t<\/div>\n\t\t\t\t<div class=\"elementor-column elementor-col-33 elementor-inner-column elementor-element elementor-element-99376b0 elementor-invisible\" data-id=\"99376b0\" data-element_type=\"column\" data-e-type=\"column\" data-settings=\"{&quot;background_background&quot;:&quot;classic&quot;,&quot;animation&quot;:&quot;fadeInUp&quot;}\">\n\t\t\t<div class=\"elementor-widget-wrap elementor-element-populated\">\n\t\t\t\t\t\t<div class=\"elementor-element elementor-element-de7fdc9 elementor-position-top elementor-widget elementor-widget-image-box\" data-id=\"de7fdc9\" data-element_type=\"widget\" data-e-type=\"widget\" data-widget_type=\"image-box.default\">\n\t\t\t\t<div class=\"elementor-widget-container\">\n\t\t\t\t\t<div class=\"elementor-image-box-wrapper\"><figure class=\"elementor-image-box-img\"><img decoding=\"async\" width=\"512\" height=\"512\" src=\"https:\/\/panifex.eu\/wp-content\/uploads\/2023\/11\/birthday-cake.png\" class=\"attachment-full size-full wp-image-70\" alt=\"\" srcset=\"https:\/\/panifex.eu\/wp-content\/uploads\/2023\/11\/birthday-cake.png 512w, https:\/\/panifex.eu\/wp-content\/uploads\/2023\/11\/birthday-cake-300x300.png 300w, https:\/\/panifex.eu\/wp-content\/uploads\/2023\/11\/birthday-cake-100x100.png 100w, https:\/\/panifex.eu\/wp-content\/uploads\/2023\/11\/birthday-cake-150x150.png 150w\" sizes=\"(max-width: 512px) 100vw, 512px\" \/><\/figure><div class=\"elementor-image-box-content\"><h3 class=\"elementor-image-box-title\">G\u00e2teaux d\u2019anniversaire<\/h3><p class=\"elementor-image-box-description\">Un design \u00e9l\u00e9gant ou une cr\u00e9ation audacieuse ?\nNos g\u00e2teaux sont pr\u00e9par\u00e9s avec amour et savoir-faire pour rendre vos c\u00e9l\u00e9brations inoubliables.<\/p><\/div><\/div>\t\t\t\t<\/div>\n\t\t\t\t<\/div>\n\t\t\t\t\t<\/div>\n\t\t<\/div>\n\t\t\t\t<div class=\"elementor-column elementor-col-33 elementor-inner-column elementor-element elementor-element-f24b096 elementor-invisible\" data-id=\"f24b096\" data-element_type=\"column\" data-e-type=\"column\" data-settings=\"{&quot;background_background&quot;:&quot;classic&quot;,&quot;animation&quot;:&quot;fadeInUp&quot;}\">\n\t\t\t<div class=\"elementor-widget-wrap elementor-element-populated\">\n\t\t\t\t\t\t<div class=\"elementor-element elementor-element-ed15cf8 elementor-position-top elementor-widget elementor-widget-image-box\" data-id=\"ed15cf8\" data-element_type=\"widget\" data-e-type=\"widget\" data-widget_type=\"image-box.default\">\n\t\t\t\t<div class=\"elementor-widget-container\">\n\t\t\t\t\t<div class=\"elementor-image-box-wrapper\"><figure class=\"elementor-image-box-img\"><img loading=\"lazy\" decoding=\"async\" width=\"512\" height=\"512\" src=\"https:\/\/panifex.eu\/wp-content\/uploads\/2023\/11\/food-truck.png\" class=\"attachment-full size-full wp-image-72\" alt=\"\" srcset=\"https:\/\/panifex.eu\/wp-content\/uploads\/2023\/11\/food-truck.png 512w, https:\/\/panifex.eu\/wp-content\/uploads\/2023\/11\/food-truck-300x300.png 300w, https:\/\/panifex.eu\/wp-content\/uploads\/2023\/11\/food-truck-100x100.png 100w, https:\/\/panifex.eu\/wp-content\/uploads\/2023\/11\/food-truck-150x150.png 150w\" sizes=\"(max-width: 512px) 100vw, 512px\" \/><\/figure><div class=\"elementor-image-box-content\"><h3 class=\"elementor-image-box-title\">Livraison<\/h3><p class=\"elementor-image-box-description\">Nous livrons chaque jour du pain frais aux h\u00f4pitaux, maisons de repos et autres \u00e9tablissements de soins, avec des produits soigneusement pr\u00e9par\u00e9s.<\/p><\/div><\/div>\t\t\t\t<\/div>\n\t\t\t\t<\/div>\n\t\t\t\t\t<\/div>\n\t\t<\/div>\n\t\t\t\t\t<\/div>\n\t\t<\/section>\n\t\t\t\t\t<\/div>\n\t\t<\/div>\n\t\t\t\t\t<\/div>\n\t\t<\/section>\n\t\t\t\t<section class=\"elementor-section elementor-top-section elementor-element elementor-element-d2b8b73 elementor-section-content-middle elementor-section-boxed elementor-section-height-default elementor-section-height-default\" data-id=\"d2b8b73\" data-element_type=\"section\" data-e-type=\"section\" data-settings=\"{&quot;background_background&quot;:&quot;gradient&quot;}\">\n\t\t\t\t\t\t\t<div class=\"elementor-background-overlay\"><\/div>\n\t\t\t\t\t\t\t<div class=\"elementor-container elementor-column-gap-no\">\n\t\t\t\t\t<div class=\"elementor-column elementor-col-50 elementor-top-column elementor-element elementor-element-375e5a2\" data-id=\"375e5a2\" data-element_type=\"column\" data-e-type=\"column\">\n\t\t\t<div class=\"elementor-widget-wrap elementor-element-populated\">\n\t\t\t\t\t\t<div class=\"elementor-element elementor-element-6d99f60 elementor-widget elementor-widget-heading\" data-id=\"6d99f60\" data-element_type=\"widget\" data-e-type=\"widget\" data-widget_type=\"heading.default\">\n\t\t\t\t<div class=\"elementor-widget-container\">\n\t\t\t\t\t<h2 class=\"elementor-heading-title elementor-size-default\">Boulangerie Panifex<\/h2>\t\t\t\t<\/div>\n\t\t\t\t<\/div>\n\t\t\t\t<div class=\"elementor-element elementor-element-9a5e3f5 elementor-widget elementor-widget-text-editor\" data-id=\"9a5e3f5\" data-element_type=\"widget\" data-e-type=\"widget\" data-widget_type=\"text-editor.default\">\n\t\t\t\t<div class=\"elementor-widget-container\">\n\t\t\t\t\t\t\t\t\t<p>Chez nous, le maintien d\u2019une qualit\u00e9 absolue est primordial. Nous ne sommes pas seulement fournisseurs pour les maisons de repos et les h\u00f4pitaux, mais aussi pour les \u00e9coles, internats, prisons, services de catering et divers autres partenaires professionnels de notre r\u00e9gion. Notre engagement envers l\u2019artisanat reste in\u00e9branlable, tout en nous effor\u00e7ant de vous surprendre chaque jour avec nos d\u00e9licieuses cr\u00e9ations.<\/p>\t\t\t\t\t\t\t\t<\/div>\n\t\t\t\t<\/div>\n\t\t\t\t\t<\/div>\n\t\t<\/div>\n\t\t\t\t<div class=\"elementor-column elementor-col-50 elementor-top-column elementor-element elementor-element-af42b0c\" data-id=\"af42b0c\" data-element_type=\"column\" data-e-type=\"column\">\n\t\t\t<div class=\"elementor-widget-wrap elementor-element-populated\">\n\t\t\t\t\t\t<div class=\"elementor-element elementor-element-8e676de elementor-widget elementor-widget-image\" data-id=\"8e676de\" data-element_type=\"widget\" data-e-type=\"widget\" data-widget_type=\"image.default\">\n\t\t\t\t<div class=\"elementor-widget-container\">\n\t\t\t\t\t\t\t\t\t\t\t\t\t\t\t<img loading=\"lazy\" decoding=\"async\" width=\"729\" height=\"525\" src=\"https:\/\/panifex.eu\/wp-content\/uploads\/2023\/11\/panifex2.png\" class=\"attachment-large size-large wp-image-283\" alt=\"\" srcset=\"https:\/\/panifex.eu\/wp-content\/uploads\/2023\/11\/panifex2.png 729w, https:\/\/panifex.eu\/wp-content\/uploads\/2023\/11\/panifex2-600x432.png 600w, https:\/\/panifex.eu\/wp-content\/uploads\/2023\/11\/panifex2-300x216.png 300w\" sizes=\"(max-width: 729px) 100vw, 729px\" \/>\t\t\t\t\t\t\t\t\t\t\t\t\t\t\t<\/div>\n\t\t\t\t<\/div>\n\t\t\t\t\t<\/div>\n\t\t<\/div>\n\t\t\t\t\t<\/div>\n\t\t<\/section>\n\t\t\t\t<\/div>","protected":false},"excerpt":{"rendered":"<p>Over ons Over ons Onze geschiedenis Sinds 2006 vormen vader en zoon samen het hart van onze moderne bakkerij in Meerbeke. Twee generaties, vier bekwame handen, en \u00e9\u00e9n gedeelde toewijding aan het cre\u00ebren van heerlijk brood en verrukkelijke patisserie. Dag in, dag uit zetten we ons in om een breed scala aan brood en patisserie [&hellip;]<\/p>\n","protected":false},"author":1,"featured_media":0,"parent":0,"menu_order":0,"comment_status":"closed","ping_status":"closed","template":"","meta":{"footnotes":""},"class_list":["post-76","page","type-page","status-publish","hentry"],"yoast_head":"<!-- This site is optimized with the Yoast SEO plugin v27.4 - https:\/\/yoast.com\/product\/yoast-seo-wordpress\/ -->\n<title>OVER ONS - Panifex<\/title>\n<meta name=\"robots\" content=\"index, follow, max-snippet:-1, max-image-preview:large, max-video-preview:-1\" \/>\n<link rel=\"canonical\" href=\"https:\/\/panifex.eu\/fr\/over-ons\/\" \/>\n<meta property=\"og:locale\" content=\"fr_FR\" \/>\n<meta property=\"og:type\" content=\"article\" \/>\n<meta property=\"og:title\" content=\"OVER ONS - Panifex\" \/>\n<meta property=\"og:description\" content=\"Over ons Over ons Onze geschiedenis Sinds 2006 vormen vader en zoon samen het hart van onze moderne bakkerij in Meerbeke. Twee generaties, vier bekwame handen, en \u00e9\u00e9n gedeelde toewijding aan het cre\u00ebren van heerlijk brood en verrukkelijke patisserie. Dag in, dag uit zetten we ons in om een breed scala aan brood en patisserie [&hellip;]\" \/>\n<meta property=\"og:url\" content=\"https:\/\/panifex.eu\/fr\/over-ons\/\" \/>\n<meta property=\"og:site_name\" content=\"Panifex\" \/>\n<meta property=\"article:modified_time\" content=\"2025-03-26T16:12:19+00:00\" \/>\n<meta property=\"og:image\" content=\"http:\/\/panifex.eu\/wp-content\/uploads\/2023\/11\/panifex1.png\" \/>\n<meta name=\"twitter:card\" content=\"summary_large_image\" \/>\n<meta name=\"twitter:label1\" content=\"Est. reading time\" \/>\n\t<meta name=\"twitter:data1\" content=\"3 minutes\" \/>\n<script type=\"application\/ld+json\" class=\"yoast-schema-graph\">{\"@context\":\"https:\\\/\\\/schema.org\",\"@graph\":[{\"@type\":\"WebPage\",\"@id\":\"https:\\\/\\\/panifex.eu\\\/over-ons\\\/\",\"url\":\"https:\\\/\\\/panifex.eu\\\/over-ons\\\/\",\"name\":\"OVER ONS - Panifex\",\"isPartOf\":{\"@id\":\"https:\\\/\\\/panifex.eu\\\/#website\"},\"primaryImageOfPage\":{\"@id\":\"https:\\\/\\\/panifex.eu\\\/over-ons\\\/#primaryimage\"},\"image\":{\"@id\":\"https:\\\/\\\/panifex.eu\\\/over-ons\\\/#primaryimage\"},\"thumbnailUrl\":\"http:\\\/\\\/panifex.eu\\\/wp-content\\\/uploads\\\/2023\\\/11\\\/panifex1.png\",\"datePublished\":\"2023-11-27T17:36:33+00:00\",\"dateModified\":\"2025-03-26T16:12:19+00:00\",\"breadcrumb\":{\"@id\":\"https:\\\/\\\/panifex.eu\\\/over-ons\\\/#breadcrumb\"},\"inLanguage\":\"fr-FR\",\"potentialAction\":[{\"@type\":\"ReadAction\",\"target\":[\"https:\\\/\\\/panifex.eu\\\/over-ons\\\/\"]}]},{\"@type\":\"ImageObject\",\"inLanguage\":\"fr-FR\",\"@id\":\"https:\\\/\\\/panifex.eu\\\/over-ons\\\/#primaryimage\",\"url\":\"http:\\\/\\\/panifex.eu\\\/wp-content\\\/uploads\\\/2023\\\/11\\\/panifex1.png\",\"contentUrl\":\"http:\\\/\\\/panifex.eu\\\/wp-content\\\/uploads\\\/2023\\\/11\\\/panifex1.png\"},{\"@type\":\"BreadcrumbList\",\"@id\":\"https:\\\/\\\/panifex.eu\\\/over-ons\\\/#breadcrumb\",\"itemListElement\":[{\"@type\":\"ListItem\",\"position\":1,\"name\":\"Home\",\"item\":\"https:\\\/\\\/panifex.eu\\\/\"},{\"@type\":\"ListItem\",\"position\":2,\"name\":\"OVER ONS\"}]},{\"@type\":\"WebSite\",\"@id\":\"https:\\\/\\\/panifex.eu\\\/#website\",\"url\":\"https:\\\/\\\/panifex.eu\\\/\",\"name\":\"Panifex\",\"description\":\"Ambachtelijke bakkerij in Meerbeke!\",\"publisher\":{\"@id\":\"https:\\\/\\\/panifex.eu\\\/#organization\"},\"potentialAction\":[{\"@type\":\"SearchAction\",\"target\":{\"@type\":\"EntryPoint\",\"urlTemplate\":\"https:\\\/\\\/panifex.eu\\\/?s={search_term_string}\"},\"query-input\":{\"@type\":\"PropertyValueSpecification\",\"valueRequired\":true,\"valueName\":\"search_term_string\"}}],\"inLanguage\":\"fr-FR\"},{\"@type\":\"Organization\",\"@id\":\"https:\\\/\\\/panifex.eu\\\/#organization\",\"name\":\"Panifex\",\"url\":\"https:\\\/\\\/panifex.eu\\\/\",\"logo\":{\"@type\":\"ImageObject\",\"inLanguage\":\"fr-FR\",\"@id\":\"https:\\\/\\\/panifex.eu\\\/#\\\/schema\\\/logo\\\/image\\\/\",\"url\":\"https:\\\/\\\/panifex.eu\\\/wp-content\\\/uploads\\\/2023\\\/11\\\/cropped-panilogo-300x220-3.png\",\"contentUrl\":\"https:\\\/\\\/panifex.eu\\\/wp-content\\\/uploads\\\/2023\\\/11\\\/cropped-panilogo-300x220-3.png\",\"width\":300,\"height\":220,\"caption\":\"Panifex\"},\"image\":{\"@id\":\"https:\\\/\\\/panifex.eu\\\/#\\\/schema\\\/logo\\\/image\\\/\"}}]}<\/script>\n<!-- \/ Yoast SEO plugin. -->","yoast_head_json":{"title":"OVER ONS - Panifex","robots":{"index":"index","follow":"follow","max-snippet":"max-snippet:-1","max-image-preview":"max-image-preview:large","max-video-preview":"max-video-preview:-1"},"canonical":"https:\/\/panifex.eu\/fr\/over-ons\/","og_locale":"fr_FR","og_type":"article","og_title":"OVER ONS - Panifex","og_description":"Over ons Over ons Onze geschiedenis Sinds 2006 vormen vader en zoon samen het hart van onze moderne bakkerij in Meerbeke. Twee generaties, vier bekwame handen, en \u00e9\u00e9n gedeelde toewijding aan het cre\u00ebren van heerlijk brood en verrukkelijke patisserie. Dag in, dag uit zetten we ons in om een breed scala aan brood en patisserie [&hellip;]","og_url":"https:\/\/panifex.eu\/fr\/over-ons\/","og_site_name":"Panifex","article_modified_time":"2025-03-26T16:12:19+00:00","og_image":[{"url":"http:\/\/panifex.eu\/wp-content\/uploads\/2023\/11\/panifex1.png","type":"","width":"","height":""}],"twitter_card":"summary_large_image","twitter_misc":{"Est. reading time":"3 minutes"},"schema":{"@context":"https:\/\/schema.org","@graph":[{"@type":"WebPage","@id":"https:\/\/panifex.eu\/over-ons\/","url":"https:\/\/panifex.eu\/over-ons\/","name":"OVER ONS - Panifex","isPartOf":{"@id":"https:\/\/panifex.eu\/#website"},"primaryImageOfPage":{"@id":"https:\/\/panifex.eu\/over-ons\/#primaryimage"},"image":{"@id":"https:\/\/panifex.eu\/over-ons\/#primaryimage"},"thumbnailUrl":"http:\/\/panifex.eu\/wp-content\/uploads\/2023\/11\/panifex1.png","datePublished":"2023-11-27T17:36:33+00:00","dateModified":"2025-03-26T16:12:19+00:00","breadcrumb":{"@id":"https:\/\/panifex.eu\/over-ons\/#breadcrumb"},"inLanguage":"fr-FR","potentialAction":[{"@type":"ReadAction","target":["https:\/\/panifex.eu\/over-ons\/"]}]},{"@type":"ImageObject","inLanguage":"fr-FR","@id":"https:\/\/panifex.eu\/over-ons\/#primaryimage","url":"http:\/\/panifex.eu\/wp-content\/uploads\/2023\/11\/panifex1.png","contentUrl":"http:\/\/panifex.eu\/wp-content\/uploads\/2023\/11\/panifex1.png"},{"@type":"BreadcrumbList","@id":"https:\/\/panifex.eu\/over-ons\/#breadcrumb","itemListElement":[{"@type":"ListItem","position":1,"name":"Home","item":"https:\/\/panifex.eu\/"},{"@type":"ListItem","position":2,"name":"OVER ONS"}]},{"@type":"WebSite","@id":"https:\/\/panifex.eu\/#website","url":"https:\/\/panifex.eu\/","name":"Panifex","description":"Ambachtelijke bakkerij in Meerbeke!","publisher":{"@id":"https:\/\/panifex.eu\/#organization"},"potentialAction":[{"@type":"SearchAction","target":{"@type":"EntryPoint","urlTemplate":"https:\/\/panifex.eu\/?s={search_term_string}"},"query-input":{"@type":"PropertyValueSpecification","valueRequired":true,"valueName":"search_term_string"}}],"inLanguage":"fr-FR"},{"@type":"Organization","@id":"https:\/\/panifex.eu\/#organization","name":"Panifex","url":"https:\/\/panifex.eu\/","logo":{"@type":"ImageObject","inLanguage":"fr-FR","@id":"https:\/\/panifex.eu\/#\/schema\/logo\/image\/","url":"https:\/\/panifex.eu\/wp-content\/uploads\/2023\/11\/cropped-panilogo-300x220-3.png","contentUrl":"https:\/\/panifex.eu\/wp-content\/uploads\/2023\/11\/cropped-panilogo-300x220-3.png","width":300,"height":220,"caption":"Panifex"},"image":{"@id":"https:\/\/panifex.eu\/#\/schema\/logo\/image\/"}}]}},"_links":{"self":[{"href":"https:\/\/panifex.eu\/fr\/wp-json\/wp\/v2\/pages\/76","targetHints":{"allow":["GET"]}}],"collection":[{"href":"https:\/\/panifex.eu\/fr\/wp-json\/wp\/v2\/pages"}],"about":[{"href":"https:\/\/panifex.eu\/fr\/wp-json\/wp\/v2\/types\/page"}],"author":[{"embeddable":true,"href":"https:\/\/panifex.eu\/fr\/wp-json\/wp\/v2\/users\/1"}],"replies":[{"embeddable":true,"href":"https:\/\/panifex.eu\/fr\/wp-json\/wp\/v2\/comments?post=76"}],"version-history":[{"count":19,"href":"https:\/\/panifex.eu\/fr\/wp-json\/wp\/v2\/pages\/76\/revisions"}],"predecessor-version":[{"id":901,"href":"https:\/\/panifex.eu\/fr\/wp-json\/wp\/v2\/pages\/76\/revisions\/901"}],"wp:attachment":[{"href":"https:\/\/panifex.eu\/fr\/wp-json\/wp\/v2\/media?parent=76"}],"curies":[{"name":"wp","href":"https:\/\/api.w.org\/{rel}","templated":true}]}}